{"id":234,"date":"2024-04-19T09:55:17","date_gmt":"2024-04-19T07:55:17","guid":{"rendered":"https:\/\/dmuchance.sniper.pl\/?page_id=234"},"modified":"2024-04-23T11:38:43","modified_gmt":"2024-04-23T09:38:43","slug":"jak-to-dziala","status":"publish","type":"page","link":"https:\/\/dmuchance.sniper.pl\/index.php\/jak-to-dziala\/","title":{"rendered":"JAK TO DZIA\u0141A?"},"content":{"rendered":"\t\t<div data-elementor-type=\"wp-page\" data-elementor-id=\"234\" class=\"elementor elementor-234\">\n\t\t\t\t<div class=\"elementor-element elementor-element-0595a23 e-flex e-con-boxed e-con e-parent\" data-id=\"0595a23\" data-element_type=\"container\" data-settings=\"{&quot;background_background&quot;:&quot;slideshow&quot;,&quot;background_slideshow_gallery&quot;:[{&quot;id&quot;:30,&quot;url&quot;:&quot;http:\\\/\\\/dmuchance.sniper.pl\\\/wp-content\\\/uploads\\\/2024\\\/04\\\/DSC02090-scaled.jpg&quot;}],&quot;shape_divider_bottom&quot;:&quot;mountains&quot;,&quot;background_slideshow_loop&quot;:&quot;yes&quot;,&quot;background_slideshow_slide_duration&quot;:5000,&quot;background_slideshow_slide_transition&quot;:&quot;fade&quot;,&quot;background_slideshow_transition_duration&quot;:500}\">\n\t\t\t\t\t<div class=\"e-con-inner\">\n\t\t\t\t<div class=\"elementor-shape elementor-shape-bottom\" aria-hidden=\"true\" data-negative=\"false\">\n\t\t\t<svg xmlns=\"http:\/\/www.w3.org\/2000\/svg\" viewBox=\"0 0 1000 100\" preserveAspectRatio=\"none\">\n\t<path class=\"elementor-shape-fill\" opacity=\"0.33\" d=\"M473,67.3c-203.9,88.3-263.1-34-320.3,0C66,119.1,0,59.7,0,59.7V0h1000v59.7 c0,0-62.1,26.1-94.9,29.3c-32.8,3.3-62.8-12.3-75.8-22.1C806,49.6,745.3,8.7,694.9,4.7S492.4,59,473,67.3z\"\/>\n\t<path class=\"elementor-shape-fill\" opacity=\"0.66\" d=\"M734,67.3c-45.5,0-77.2-23.2-129.1-39.1c-28.6-8.7-150.3-10.1-254,39.1 s-91.7-34.4-149.2,0C115.7,118.3,0,39.8,0,39.8V0h1000v36.5c0,0-28.2-18.5-92.1-18.5C810.2,18.1,775.7,67.3,734,67.3z\"\/>\n\t<path class=\"elementor-shape-fill\" d=\"M766.1,28.9c-200-57.5-266,65.5-395.1,19.5C242,1.8,242,5.4,184.8,20.6C128,35.8,132.3,44.9,89.9,52.5C28.6,63.7,0,0,0,0 h1000c0,0-9.9,40.9-83.6,48.1S829.6,47,766.1,28.9z\"\/>\n<\/svg>\t\t<\/div>\n\t\t\t\t<div class=\"elementor-element elementor-element-0df610a elementor-widget elementor-widget-heading\" data-id=\"0df610a\" data-element_type=\"widget\" data-widget_type=\"heading.default\">\n\t\t\t\t<div class=\"elementor-widget-container\">\n\t\t\t\t\t<h1 class=\"elementor-heading-title elementor-size-default\">Jak To Dzia\u0142a?<\/h1>\t\t\t\t<\/div>\n\t\t\t\t<\/div>\n\t\t\t\t\t<\/div>\n\t\t\t\t<\/div>\n\t\t<div class=\"elementor-element elementor-element-a94e897 e-flex e-con-boxed e-con e-parent\" data-id=\"a94e897\" data-element_type=\"container\" data-settings=\"{&quot;background_background&quot;:&quot;classic&quot;}\">\n\t\t\t\t\t<div class=\"e-con-inner\">\n\t\t\t\t<div class=\"elementor-element elementor-element-1fed8c9 elementor-widget elementor-widget-eael-feature-list\" data-id=\"1fed8c9\" data-element_type=\"widget\" data-widget_type=\"eael-feature-list.default\">\n\t\t\t\t<div class=\"elementor-widget-container\">\n\t\t\t\t\t\t\t<div class=\"-icon-position-left -tablet-icon-position-left -mobile-icon-position-left\">\n\t\t\t<ul id=\"eael-feature-list-1fed8c9\" class=\"eael-feature-list-items circle stacked connector-type-classic eael-feature-list-vertical\" data-layout-tablet=\"vertical\" data-layout-mobile=\"vertical\">\n\t\t\t                <li class=\"eael-feature-list-item elementor-repeater-item-dad7e4d\">\n                                            <span class=\"connector\" style=\"right: calc(100% - 70px); left: 0;\"><\/span>\n                        <span class=\"connector connector-tablet\" style=\"right: calc(100% - 70px); left: 0;\"><\/span>\n                        <span class=\"connector connector-mobile\" style=\"right: calc(100% - 70px); left: 0;\"><\/span>\n                    \n\t\t\t\t\t\t<div class=\"eael-feature-list-icon-box\">\n\t\t\t\t\t\t\t<div class=\"eael-feature-list-icon-inner\">\n\n\t\t\t\t\t\t\t\t<span class=\"eael-feature-list-icon fl-icon-0\">\n\n\t\t<svg aria-hidden=\"true\" class=\"e-font-icon-svg e-fas-check\" viewBox=\"0 0 512 512\" xmlns=\"http:\/\/www.w3.org\/2000\/svg\"><path d=\"M173.898 439.404l-166.4-166.4c-9.997-9.997-9.997-26.206 0-36.204l36.203-36.204c9.997-9.998 26.207-9.998 36.204 0L192 312.69 432.095 72.596c9.997-9.997 26.207-9.997 36.204 0l36.203 36.204c9.997 9.997 9.997 26.206 0 36.204l-294.4 294.401c-9.998 9.997-26.207 9.997-36.204-.001z\"><\/path><\/svg>\t\t\t\t\t\t\t\t<\/span>\n\t\t\t\t\t\t\t<\/div>\n\t\t\t\t\t\t<\/div>\n\t\t\t\t\t\t<div class=\"eael-feature-list-content-box\">\n                            <h2 class=\"eael-feature-list-title\">Krok 1<\/h2>\t\t\t\t\t\t<p class=\"eael-feature-list-content\">Wybierasz dmucha\u0144ca na stronie i go rezerwujesz telefonicznie<\/p>\n\t\t\t\t\t\t<\/div>\n\n\t\t\t\t\t<\/li>\n\t\t\t\t                <li class=\"eael-feature-list-item elementor-repeater-item-2b3badd\">\n                                            <span class=\"connector\" style=\"right: calc(100% - 70px); left: 0;\"><\/span>\n                        <span class=\"connector connector-tablet\" style=\"right: calc(100% - 70px); left: 0;\"><\/span>\n                        <span class=\"connector connector-mobile\" style=\"right: calc(100% - 70px); left: 0;\"><\/span>\n                    \n\t\t\t\t\t\t<div class=\"eael-feature-list-icon-box\">\n\t\t\t\t\t\t\t<div class=\"eael-feature-list-icon-inner\">\n\n\t\t\t\t\t\t\t\t<span class=\"eael-feature-list-icon fl-icon-1\">\n\n\t\t<svg aria-hidden=\"true\" class=\"e-font-icon-svg e-fas-car-side\" viewBox=\"0 0 640 512\" xmlns=\"http:\/\/www.w3.org\/2000\/svg\"><path d=\"M544 192h-16L419.22 56.02A64.025 64.025 0 0 0 369.24 32H155.33c-26.17 0-49.7 15.93-59.42 40.23L48 194.26C20.44 201.4 0 226.21 0 256v112c0 8.84 7.16 16 16 16h48c0 53.02 42.98 96 96 96s96-42.98 96-96h128c0 53.02 42.98 96 96 96s96-42.98 96-96h48c8.84 0 16-7.16 16-16v-80c0-53.02-42.98-96-96-96zM160 432c-26.47 0-48-21.53-48-48s21.53-48 48-48 48 21.53 48 48-21.53 48-48 48zm72-240H116.93l38.4-96H232v96zm48 0V96h89.24l76.8 96H280zm200 240c-26.47 0-48-21.53-48-48s21.53-48 48-48 48 21.53 48 48-21.53 48-48 48z\"><\/path><\/svg>\t\t\t\t\t\t\t\t<\/span>\n\t\t\t\t\t\t\t<\/div>\n\t\t\t\t\t\t<\/div>\n\t\t\t\t\t\t<div class=\"eael-feature-list-content-box\">\n                            <h2 class=\"eael-feature-list-title\">Krok 2<\/h2>\t\t\t\t\t\t<p class=\"eael-feature-list-content\">Przyje\u017cd\u017casz do nas po odbi\u00f3r (Olsztyn) - dmuchaniec czeka zapakowany na ma\u0142ej przyczepce\n<\/p>\n\t\t\t\t\t\t<\/div>\n\n\t\t\t\t\t<\/li>\n\t\t\t\t                <li class=\"eael-feature-list-item elementor-repeater-item-7caea71\">\n                                            <span class=\"connector\" style=\"right: calc(100% - 70px); left: 0;\"><\/span>\n                        <span class=\"connector connector-tablet\" style=\"right: calc(100% - 70px); left: 0;\"><\/span>\n                        <span class=\"connector connector-mobile\" style=\"right: calc(100% - 70px); left: 0;\"><\/span>\n                    \n\t\t\t\t\t\t<div class=\"eael-feature-list-icon-box\">\n\t\t\t\t\t\t\t<div class=\"eael-feature-list-icon-inner\">\n\n\t\t\t\t\t\t\t\t<span class=\"eael-feature-list-icon fl-icon-2\">\n\n\t\t<svg aria-hidden=\"true\" class=\"e-font-icon-svg e-fas-chalkboard-teacher\" viewBox=\"0 0 640 512\" xmlns=\"http:\/\/www.w3.org\/2000\/svg\"><path d=\"M208 352c-2.39 0-4.78.35-7.06 1.09C187.98 357.3 174.35 360 160 360c-14.35 0-27.98-2.7-40.95-6.91-2.28-.74-4.66-1.09-7.05-1.09C49.94 352-.33 402.48 0 464.62.14 490.88 21.73 512 48 512h224c26.27 0 47.86-21.12 48-47.38.33-62.14-49.94-112.62-112-112.62zm-48-32c53.02 0 96-42.98 96-96s-42.98-96-96-96-96 42.98-96 96 42.98 96 96 96zM592 0H208c-26.47 0-48 22.25-48 49.59V96c23.42 0 45.1 6.78 64 17.8V64h352v288h-64v-64H384v64h-76.24c19.1 16.69 33.12 38.73 39.69 64H592c26.47 0 48-22.25 48-49.59V49.59C640 22.25 618.47 0 592 0z\"><\/path><\/svg>\t\t\t\t\t\t\t\t<\/span>\n\t\t\t\t\t\t\t<\/div>\n\t\t\t\t\t\t<\/div>\n\t\t\t\t\t\t<div class=\"eael-feature-list-content-box\">\n                            <h2 class=\"eael-feature-list-title\">Krok 3<\/h2>\t\t\t\t\t\t<p class=\"eael-feature-list-content\">10 minut szkolenia\n<\/p>\n\t\t\t\t\t\t<\/div>\n\n\t\t\t\t\t<\/li>\n\t\t\t\t                <li class=\"eael-feature-list-item elementor-repeater-item-7adf484\">\n                                            <span class=\"connector\" style=\"right: calc(100% - 70px); left: 0;\"><\/span>\n                        <span class=\"connector connector-tablet\" style=\"right: calc(100% - 70px); left: 0;\"><\/span>\n                        <span class=\"connector connector-mobile\" style=\"right: calc(100% - 70px); left: 0;\"><\/span>\n                    \n\t\t\t\t\t\t<div class=\"eael-feature-list-icon-box\">\n\t\t\t\t\t\t\t<div class=\"eael-feature-list-icon-inner\">\n\n\t\t\t\t\t\t\t\t<span class=\"eael-feature-list-icon fl-icon-3\">\n\n\t\t<svg aria-hidden=\"true\" class=\"e-font-icon-svg e-fas-hammer\" viewBox=\"0 0 576 512\" xmlns=\"http:\/\/www.w3.org\/2000\/svg\"><path d=\"M571.31 193.94l-22.63-22.63c-6.25-6.25-16.38-6.25-22.63 0l-11.31 11.31-28.9-28.9c5.63-21.31.36-44.9-16.35-61.61l-45.25-45.25c-62.48-62.48-163.79-62.48-226.28 0l90.51 45.25v18.75c0 16.97 6.74 33.25 18.75 45.25l49.14 49.14c16.71 16.71 40.3 21.98 61.61 16.35l28.9 28.9-11.31 11.31c-6.25 6.25-6.25 16.38 0 22.63l22.63 22.63c6.25 6.25 16.38 6.25 22.63 0l90.51-90.51c6.23-6.24 6.23-16.37-.02-22.62zm-286.72-15.2c-3.7-3.7-6.84-7.79-9.85-11.95L19.64 404.96c-25.57 23.88-26.26 64.19-1.53 88.93s65.05 24.05 88.93-1.53l238.13-255.07c-3.96-2.91-7.9-5.87-11.44-9.41l-49.14-49.14z\"><\/path><\/svg>\t\t\t\t\t\t\t\t<\/span>\n\t\t\t\t\t\t\t<\/div>\n\t\t\t\t\t\t<\/div>\n\t\t\t\t\t\t<div class=\"eael-feature-list-content-box\">\n                            <h2 class=\"eael-feature-list-title\">Krok 4<\/h2>\t\t\t\t\t\t<p class=\"eael-feature-list-content\">Rozstawiasz urz\u0105dzenie na twoim trawniku przed domem - zostajesz bohaterem swojego dziecka\n<\/p>\n\t\t\t\t\t\t<\/div>\n\n\t\t\t\t\t<\/li>\n\t\t\t\t                <li class=\"eael-feature-list-item elementor-repeater-item-499d439\">\n                                            <span class=\"connector\" style=\"right: calc(100% - 70px); left: 0;\"><\/span>\n                        <span class=\"connector connector-tablet\" style=\"right: calc(100% - 70px); left: 0;\"><\/span>\n                        <span class=\"connector connector-mobile\" style=\"right: calc(100% - 70px); left: 0;\"><\/span>\n                    \n\t\t\t\t\t\t<div class=\"eael-feature-list-icon-box\">\n\t\t\t\t\t\t\t<div class=\"eael-feature-list-icon-inner\">\n\n\t\t\t\t\t\t\t\t<span class=\"eael-feature-list-icon fl-icon-4\">\n\n\t\t<svg aria-hidden=\"true\" class=\"e-font-icon-svg e-fab-get-pocket\" viewBox=\"0 0 448 512\" xmlns=\"http:\/\/www.w3.org\/2000\/svg\"><path d=\"M407.6 64h-367C18.5 64 0 82.5 0 104.6v135.2C0 364.5 99.7 464 224.2 464c124 0 223.8-99.5 223.8-224.2V104.6c0-22.4-17.7-40.6-40.4-40.6zm-162 268.5c-12.4 11.8-31.4 11.1-42.4 0C89.5 223.6 88.3 227.4 88.3 209.3c0-16.9 13.8-30.7 30.7-30.7 17 0 16.1 3.8 105.2 89.3 90.6-86.9 88.6-89.3 105.5-89.3 16.9 0 30.7 13.8 30.7 30.7 0 17.8-2.9 15.7-114.8 123.2z\"><\/path><\/svg>\t\t\t\t\t\t\t\t<\/span>\n\t\t\t\t\t\t\t<\/div>\n\t\t\t\t\t\t<\/div>\n\t\t\t\t\t\t<div class=\"eael-feature-list-content-box\">\n                            <h2 class=\"eael-feature-list-title\">Krok 5<\/h2>\t\t\t\t\t\t<p class=\"eael-feature-list-content\">Oddajesz dmucha\u0144ca po weekendzie\n<\/p>\n\t\t\t\t\t\t<\/div>\n\n\t\t\t\t\t<\/li>\n\t\t\t\t\t\t\t<\/ul>\n\t\t<\/div>\n\t\t\t\t\t\t<\/div>\n\t\t\t\t<\/div>\n\t\t\t\t\t<\/div>\n\t\t\t\t<\/div>\n\t\t\t\t<\/div>\n\t\t","protected":false},"excerpt":{"rendered":"<p>Jak To Dzia\u0142a? Krok 1 Wybierasz dmucha\u0144ca na stronie i go rezerwujesz telefonicznie Krok 2 Przyje\u017cd\u017casz do nas po odbi\u00f3r (Olsztyn) &#8211; dmuchaniec czeka zapakowany [&hellip;]<\/p>\n","protected":false},"author":1,"featured_media":0,"parent":0,"menu_order":0,"comment_status":"closed","ping_status":"closed","template":"elementor_header_footer","meta":{"om_disable_all_campaigns":false,"_monsterinsights_skip_tracking":false,"_monsterinsights_sitenote_active":false,"_monsterinsights_sitenote_note":"","_monsterinsights_sitenote_category":0,"footnotes":""},"class_list":["post-234","page","type-page","status-publish","hentry"],"aioseo_notices":[],"jetpack_sharing_enabled":true,"_links":{"self":[{"href":"https:\/\/dmuchance.sniper.pl\/index.php\/wp-json\/wp\/v2\/pages\/234","targetHints":{"allow":["GET"]}}],"collection":[{"href":"https:\/\/dmuchance.sniper.pl\/index.php\/wp-json\/wp\/v2\/pages"}],"about":[{"href":"https:\/\/dmuchance.sniper.pl\/index.php\/wp-json\/wp\/v2\/types\/page"}],"author":[{"embeddable":true,"href":"https:\/\/dmuchance.sniper.pl\/index.php\/wp-json\/wp\/v2\/users\/1"}],"replies":[{"embeddable":true,"href":"https:\/\/dmuchance.sniper.pl\/index.php\/wp-json\/wp\/v2\/comments?post=234"}],"version-history":[{"count":31,"href":"https:\/\/dmuchance.sniper.pl\/index.php\/wp-json\/wp\/v2\/pages\/234\/revisions"}],"predecessor-version":[{"id":361,"href":"https:\/\/dmuchance.sniper.pl\/index.php\/wp-json\/wp\/v2\/pages\/234\/revisions\/361"}],"wp:attachment":[{"href":"https:\/\/dmuchance.sniper.pl\/index.php\/wp-json\/wp\/v2\/media?parent=234"}],"curies":[{"name":"wp","href":"https:\/\/api.w.org\/{rel}","templated":true}]}}